{"id":1000,"date":"2023-06-26T14:32:05","date_gmt":"2023-06-26T17:32:05","guid":{"rendered":"https:\/\/trajexpres.com.ar\/?post_type=product&#038;p=1000"},"modified":"2026-01-09T15:50:20","modified_gmt":"2026-01-09T18:50:20","slug":"alquiler-de-trajes-para-caballeros-y-ninos","status":"publish","type":"product","link":"https:\/\/trajexpres.com.ar\/?product=alquiler-de-trajes-para-caballeros-y-ninos","title":{"rendered":"Alquiler de Trajes para Caballeros (combo)"},"content":{"rendered":"<p>Alquiler y venta de trajes. Los precios de Alquileres de Trajes est\u00e1 \u00a0entre 15000 lo m\u00e1s b\u00e1sico a 30000 pesos (Smoking a estrenar)<br \/>\n* SACO *PANTALON *ZAPATO *CHALECO *CAMISA *CORBATA O<br \/>\nMO\u00d1O *CINTURON *(SUJETADORES OPCIONAL) MANDA TU CONSULTA \u00a0AL \u00a0whatsApp +5491131539467<\/p>\n","protected":false},"excerpt":{"rendered":"<p>Alquiler y venta de trajes. Los precios de Alquileres de Trajes est\u00e1 \u00a0entre 15000 lo m\u00e1s b\u00e1sico a 30000 pesos (Smoking a estrenar) * SACO *PANTALON *ZAPATO *CHALECO *CAMISA *CORBATA O MO\u00d1O *CINTURON *(SUJETADORES OPCIONAL) MANDA TU CONSULTA \u00a0AL \u00a0whatsApp +5491131539467<\/p>\n","protected":false},"featured_media":993,"comment_status":"open","ping_status":"closed","template":"","meta":{"site-sidebar-layout":"default","site-content-layout":"default","ast-site-content-layout":"default","site-content-style":"default","site-sidebar-style":"default","ast-global-header-display":"","ast-banner-title-visibility":"","ast-main-header-display":"","ast-hfb-above-header-display":"","ast-hfb-below-header-display":"","ast-hfb-mobile-header-display":"","site-post-title":"","ast-breadcrumbs-content":"","ast-featured-img":"","footer-sml-layout":"","ast-disable-related-posts":"","theme-transparent-header-meta":"default","adv-header-id-meta":"","stick-header-meta":"","header-above-stick-meta":"","header-main-stick-meta":"","header-below-stick-meta":"","astra-migrate-meta-layouts":"default","ast-page-background-enabled":"default","ast-page-background-meta":{"desktop":{"background-color":"var(--ast-global-color-4)","background-image":"","background-repeat":"repeat","background-position":"center center","background-size":"auto","background-attachment":"scroll","background-type":"","background-media":"","overlay-type":"","overlay-color":"","overlay-opacity":"","overlay-gradient":""},"tablet":{"background-color":"","background-image":"","background-repeat":"repeat","background-position":"center center","background-size":"auto","background-attachment":"scroll","background-type":"","background-media":"","overlay-type":"","overlay-color":"","overlay-opacity":"","overlay-gradient":""},"mobile":{"background-color":"","background-image":"","background-repeat":"repeat","background-position":"center center","background-size":"auto","background-attachment":"scroll","background-type":"","background-media":"","overlay-type":"","overlay-color":"","overlay-opacity":"","overlay-gradient":""}},"ast-content-background-meta":{"desktop":{"background-color":"var(--ast-global-color-5)","background-image":"","background-repeat":"repeat","background-position":"center center","background-size":"auto","background-attachment":"scroll","background-type":"","background-media":"","overlay-type":"","overlay-color":"","overlay-opacity":"","overlay-gradient":""},"tablet":{"background-color":"var(--ast-global-color-5)","background-image":"","background-repeat":"repeat","background-position":"center center","background-size":"auto","background-attachment":"scroll","background-type":"","background-media":"","overlay-type":"","overlay-color":"","overlay-opacity":"","overlay-gradient":""},"mobile":{"background-color":"var(--ast-global-color-5)","background-image":"","background-repeat":"repeat","background-position":"center center","background-size":"auto","background-attachment":"scroll","background-type":"","background-media":"","overlay-type":"","overlay-color":"","overlay-opacity":"","overlay-gradient":""}},"_joinchat":{"telephone":"+541131539467"}},"product_brand":[],"product_cat":[25,21,26],"product_tag":[42],"class_list":{"0":"post-1000","1":"product","2":"type-product","3":"status-publish","4":"has-post-thumbnail","6":"product_cat-alquiler","7":"product_cat-hombre","8":"product_cat-moda","9":"product_tag-traje-ambo-caballeros","10":"desktop-align-left","11":"tablet-align-left","12":"mobile-align-left","14":"first","15":"instock","16":"shipping-taxable","17":"purchasable","18":"product-type-simple"},"yoast_head":"<!-- This site is optimized with the Yoast SEO plugin v27.6 - https:\/\/yoast.com\/product\/yoast-seo-wordpress\/ -->\n<title>Alquiler de Trajes para Caballeros (combo) - TrajeXpres<\/title>\n<meta name=\"robots\" content=\"index, follow, max-snippet:-1, max-image-preview:large, max-video-preview:-1\" \/>\n<link rel=\"canonical\" href=\"https:\/\/trajexpres.com.ar\/?product=alquiler-de-trajes-para-caballeros-y-ninos\" \/>\n<meta property=\"og:locale\" content=\"es_ES\" \/>\n<meta property=\"og:type\" content=\"article\" \/>\n<meta property=\"og:title\" content=\"Alquiler de Trajes para Caballeros (combo) - TrajeXpres\" \/>\n<meta property=\"og:description\" content=\"Alquiler y venta de trajes. Los precios de Alquileres de Trajes est\u00e1 \u00a0entre 15000 lo m\u00e1s b\u00e1sico a 30000 pesos (Smoking a estrenar) * SACO *PANTALON *ZAPATO *CHALECO *CAMISA *CORBATA O MO\u00d1O *CINTURON *(SUJETADORES OPCIONAL) MANDA TU CONSULTA \u00a0AL \u00a0whatsApp +5491131539467\" \/>\n<meta property=\"og:url\" content=\"https:\/\/trajexpres.com.ar\/?product=alquiler-de-trajes-para-caballeros-y-ninos\" \/>\n<meta property=\"og:site_name\" content=\"TrajeXpres\" \/>\n<meta property=\"article:modified_time\" content=\"2026-01-09T18:50:20+00:00\" \/>\n<meta property=\"og:image\" content=\"http:\/\/trajexpres.com.ar\/wp-content\/uploads\/2023\/06\/Alquiler-de-Trajes-2.jpg\" \/>\n\t<meta property=\"og:image:width\" content=\"549\" \/>\n\t<meta property=\"og:image:height\" content=\"842\" \/>\n\t<meta property=\"og:image:type\" content=\"image\/jpeg\" \/>\n<meta name=\"twitter:card\" content=\"summary_large_image\" \/>\n<meta name=\"twitter:label1\" content=\"Tiempo de lectura\" \/>\n\t<meta name=\"twitter:data1\" content=\"1 minuto\" \/>\n<script type=\"application\/ld+json\" class=\"yoast-schema-graph\">{\"@context\":\"https:\\\/\\\/schema.org\",\"@graph\":[{\"@type\":\"WebPage\",\"@id\":\"https:\\\/\\\/trajexpres.com.ar\\\/?product=alquiler-de-trajes-para-caballeros-y-ninos\",\"url\":\"https:\\\/\\\/trajexpres.com.ar\\\/?product=alquiler-de-trajes-para-caballeros-y-ninos\",\"name\":\"Alquiler de Trajes para Caballeros (combo) - TrajeXpres\",\"isPartOf\":{\"@id\":\"https:\\\/\\\/trajexpres.com.ar\\\/#website\"},\"primaryImageOfPage\":{\"@id\":\"https:\\\/\\\/trajexpres.com.ar\\\/?product=alquiler-de-trajes-para-caballeros-y-ninos#primaryimage\"},\"image\":{\"@id\":\"https:\\\/\\\/trajexpres.com.ar\\\/?product=alquiler-de-trajes-para-caballeros-y-ninos#primaryimage\"},\"thumbnailUrl\":\"https:\\\/\\\/trajexpres.com.ar\\\/wp-content\\\/uploads\\\/2023\\\/06\\\/Alquiler-de-Trajes-2.jpg\",\"datePublished\":\"2023-06-26T17:32:05+00:00\",\"dateModified\":\"2026-01-09T18:50:20+00:00\",\"breadcrumb\":{\"@id\":\"https:\\\/\\\/trajexpres.com.ar\\\/?product=alquiler-de-trajes-para-caballeros-y-ninos#breadcrumb\"},\"inLanguage\":\"es-AR\",\"potentialAction\":[{\"@type\":\"ReadAction\",\"target\":[\"https:\\\/\\\/trajexpres.com.ar\\\/?product=alquiler-de-trajes-para-caballeros-y-ninos\"]}]},{\"@type\":\"ImageObject\",\"inLanguage\":\"es-AR\",\"@id\":\"https:\\\/\\\/trajexpres.com.ar\\\/?product=alquiler-de-trajes-para-caballeros-y-ninos#primaryimage\",\"url\":\"https:\\\/\\\/trajexpres.com.ar\\\/wp-content\\\/uploads\\\/2023\\\/06\\\/Alquiler-de-Trajes-2.jpg\",\"contentUrl\":\"https:\\\/\\\/trajexpres.com.ar\\\/wp-content\\\/uploads\\\/2023\\\/06\\\/Alquiler-de-Trajes-2.jpg\",\"width\":549,\"height\":842},{\"@type\":\"BreadcrumbList\",\"@id\":\"https:\\\/\\\/trajexpres.com.ar\\\/?product=alquiler-de-trajes-para-caballeros-y-ninos#breadcrumb\",\"itemListElement\":[{\"@type\":\"ListItem\",\"position\":1,\"name\":\"Inicio\",\"item\":\"https:\\\/\\\/trajexpres.com.ar\\\/\"},{\"@type\":\"ListItem\",\"position\":2,\"name\":\"Tienda\",\"item\":\"https:\\\/\\\/trajexpres.com.ar\\\/?page_id=5\"},{\"@type\":\"ListItem\",\"position\":3,\"name\":\"Alquiler de Trajes para Caballeros (combo)\"}]},{\"@type\":\"WebSite\",\"@id\":\"https:\\\/\\\/trajexpres.com.ar\\\/#website\",\"url\":\"https:\\\/\\\/trajexpres.com.ar\\\/\",\"name\":\"TrajeXpres\",\"description\":\"Venta y Alquiler de Trajes\",\"publisher\":{\"@id\":\"https:\\\/\\\/trajexpres.com.ar\\\/#organization\"},\"potentialAction\":[{\"@type\":\"SearchAction\",\"target\":{\"@type\":\"EntryPoint\",\"urlTemplate\":\"https:\\\/\\\/trajexpres.com.ar\\\/?s={search_term_string}\"},\"query-input\":{\"@type\":\"PropertyValueSpecification\",\"valueRequired\":true,\"valueName\":\"search_term_string\"}}],\"inLanguage\":\"es-AR\"},{\"@type\":\"Organization\",\"@id\":\"https:\\\/\\\/trajexpres.com.ar\\\/#organization\",\"name\":\"TrajeXpres\",\"url\":\"https:\\\/\\\/trajexpres.com.ar\\\/\",\"logo\":{\"@type\":\"ImageObject\",\"inLanguage\":\"es-AR\",\"@id\":\"https:\\\/\\\/trajexpres.com.ar\\\/#\\\/schema\\\/logo\\\/image\\\/\",\"url\":\"https:\\\/\\\/trajexpres.com.ar\\\/wp-content\\\/uploads\\\/2023\\\/03\\\/cropped-cropped-logo-trajes-1.png\",\"contentUrl\":\"https:\\\/\\\/trajexpres.com.ar\\\/wp-content\\\/uploads\\\/2023\\\/03\\\/cropped-cropped-logo-trajes-1.png\",\"width\":981,\"height\":974,\"caption\":\"TrajeXpres\"},\"image\":{\"@id\":\"https:\\\/\\\/trajexpres.com.ar\\\/#\\\/schema\\\/logo\\\/image\\\/\"}}]}<\/script>\n<!-- \/ Yoast SEO plugin. -->","yoast_head_json":{"title":"Alquiler de Trajes para Caballeros (combo) - TrajeXpres","robots":{"index":"index","follow":"follow","max-snippet":"max-snippet:-1","max-image-preview":"max-image-preview:large","max-video-preview":"max-video-preview:-1"},"canonical":"https:\/\/trajexpres.com.ar\/?product=alquiler-de-trajes-para-caballeros-y-ninos","og_locale":"es_ES","og_type":"article","og_title":"Alquiler de Trajes para Caballeros (combo) - TrajeXpres","og_description":"Alquiler y venta de trajes. Los precios de Alquileres de Trajes est\u00e1 \u00a0entre 15000 lo m\u00e1s b\u00e1sico a 30000 pesos (Smoking a estrenar) * SACO *PANTALON *ZAPATO *CHALECO *CAMISA *CORBATA O MO\u00d1O *CINTURON *(SUJETADORES OPCIONAL) MANDA TU CONSULTA \u00a0AL \u00a0whatsApp +5491131539467","og_url":"https:\/\/trajexpres.com.ar\/?product=alquiler-de-trajes-para-caballeros-y-ninos","og_site_name":"TrajeXpres","article_modified_time":"2026-01-09T18:50:20+00:00","og_image":[{"width":549,"height":842,"url":"http:\/\/trajexpres.com.ar\/wp-content\/uploads\/2023\/06\/Alquiler-de-Trajes-2.jpg","type":"image\/jpeg"}],"twitter_card":"summary_large_image","twitter_misc":{"Tiempo de lectura":"1 minuto"},"schema":{"@context":"https:\/\/schema.org","@graph":[{"@type":"WebPage","@id":"https:\/\/trajexpres.com.ar\/?product=alquiler-de-trajes-para-caballeros-y-ninos","url":"https:\/\/trajexpres.com.ar\/?product=alquiler-de-trajes-para-caballeros-y-ninos","name":"Alquiler de Trajes para Caballeros (combo) - TrajeXpres","isPartOf":{"@id":"https:\/\/trajexpres.com.ar\/#website"},"primaryImageOfPage":{"@id":"https:\/\/trajexpres.com.ar\/?product=alquiler-de-trajes-para-caballeros-y-ninos#primaryimage"},"image":{"@id":"https:\/\/trajexpres.com.ar\/?product=alquiler-de-trajes-para-caballeros-y-ninos#primaryimage"},"thumbnailUrl":"https:\/\/trajexpres.com.ar\/wp-content\/uploads\/2023\/06\/Alquiler-de-Trajes-2.jpg","datePublished":"2023-06-26T17:32:05+00:00","dateModified":"2026-01-09T18:50:20+00:00","breadcrumb":{"@id":"https:\/\/trajexpres.com.ar\/?product=alquiler-de-trajes-para-caballeros-y-ninos#breadcrumb"},"inLanguage":"es-AR","potentialAction":[{"@type":"ReadAction","target":["https:\/\/trajexpres.com.ar\/?product=alquiler-de-trajes-para-caballeros-y-ninos"]}]},{"@type":"ImageObject","inLanguage":"es-AR","@id":"https:\/\/trajexpres.com.ar\/?product=alquiler-de-trajes-para-caballeros-y-ninos#primaryimage","url":"https:\/\/trajexpres.com.ar\/wp-content\/uploads\/2023\/06\/Alquiler-de-Trajes-2.jpg","contentUrl":"https:\/\/trajexpres.com.ar\/wp-content\/uploads\/2023\/06\/Alquiler-de-Trajes-2.jpg","width":549,"height":842},{"@type":"BreadcrumbList","@id":"https:\/\/trajexpres.com.ar\/?product=alquiler-de-trajes-para-caballeros-y-ninos#breadcrumb","itemListElement":[{"@type":"ListItem","position":1,"name":"Inicio","item":"https:\/\/trajexpres.com.ar\/"},{"@type":"ListItem","position":2,"name":"Tienda","item":"https:\/\/trajexpres.com.ar\/?page_id=5"},{"@type":"ListItem","position":3,"name":"Alquiler de Trajes para Caballeros (combo)"}]},{"@type":"WebSite","@id":"https:\/\/trajexpres.com.ar\/#website","url":"https:\/\/trajexpres.com.ar\/","name":"TrajeXpres","description":"Venta y Alquiler de Trajes","publisher":{"@id":"https:\/\/trajexpres.com.ar\/#organization"},"potentialAction":[{"@type":"SearchAction","target":{"@type":"EntryPoint","urlTemplate":"https:\/\/trajexpres.com.ar\/?s={search_term_string}"},"query-input":{"@type":"PropertyValueSpecification","valueRequired":true,"valueName":"search_term_string"}}],"inLanguage":"es-AR"},{"@type":"Organization","@id":"https:\/\/trajexpres.com.ar\/#organization","name":"TrajeXpres","url":"https:\/\/trajexpres.com.ar\/","logo":{"@type":"ImageObject","inLanguage":"es-AR","@id":"https:\/\/trajexpres.com.ar\/#\/schema\/logo\/image\/","url":"https:\/\/trajexpres.com.ar\/wp-content\/uploads\/2023\/03\/cropped-cropped-logo-trajes-1.png","contentUrl":"https:\/\/trajexpres.com.ar\/wp-content\/uploads\/2023\/03\/cropped-cropped-logo-trajes-1.png","width":981,"height":974,"caption":"TrajeXpres"},"image":{"@id":"https:\/\/trajexpres.com.ar\/#\/schema\/logo\/image\/"}}]}},"_links":{"self":[{"href":"https:\/\/trajexpres.com.ar\/index.php?rest_route=\/wp\/v2\/product\/1000","targetHints":{"allow":["GET"]}}],"collection":[{"href":"https:\/\/trajexpres.com.ar\/index.php?rest_route=\/wp\/v2\/product"}],"about":[{"href":"https:\/\/trajexpres.com.ar\/index.php?rest_route=\/wp\/v2\/types\/product"}],"replies":[{"embeddable":true,"href":"https:\/\/trajexpres.com.ar\/index.php?rest_route=%2Fwp%2Fv2%2Fcomments&post=1000"}],"wp:featuredmedia":[{"embeddable":true,"href":"https:\/\/trajexpres.com.ar\/index.php?rest_route=\/wp\/v2\/media\/993"}],"wp:attachment":[{"href":"https:\/\/trajexpres.com.ar\/index.php?rest_route=%2Fwp%2Fv2%2Fmedia&parent=1000"}],"wp:term":[{"taxonomy":"product_brand","embeddable":true,"href":"https:\/\/trajexpres.com.ar\/index.php?rest_route=%2Fwp%2Fv2%2Fproduct_brand&post=1000"},{"taxonomy":"product_cat","embeddable":true,"href":"https:\/\/trajexpres.com.ar\/index.php?rest_route=%2Fwp%2Fv2%2Fproduct_cat&post=1000"},{"taxonomy":"product_tag","embeddable":true,"href":"https:\/\/trajexpres.com.ar\/index.php?rest_route=%2Fwp%2Fv2%2Fproduct_tag&post=1000"}],"curies":[{"name":"wp","href":"https:\/\/api.w.org\/{rel}","templated":true}]}}