{"id":1327,"date":"2024-07-19T12:31:28","date_gmt":"2024-07-19T15:31:28","guid":{"rendered":"https:\/\/trajexpres.com.ar\/?post_type=product&#038;p=1327"},"modified":"2025-12-10T11:18:50","modified_gmt":"2025-12-10T14:18:50","slug":"moda-damas-caballeros","status":"publish","type":"product","link":"https:\/\/trajexpres.com.ar\/?product=moda-damas-caballeros","title":{"rendered":"Las Zapatillas Blancas Lisas"},"content":{"rendered":"<p>Desde salidas nocturnas informales hasta caminatas por el paseo mar\u00edtimo, \u00a1estas hermosas zapatillas son una opci\u00f3n elegante para las mujeres que siempre est\u00e1n en movimiento! \u00a1Esta zapatilla presenta un color blanco para una apariencia deslumbrante! El interior cuenta con una plantilla ligeramente acolchada, mientras que la parte inferior presenta una suela de plataforma de goma con dibujo. \u00a1Estos zapatos son una opci\u00f3n elegante y sin esfuerzo con cualquier atuendo! Fabricados con materiales sint\u00e9ticos. Se limpian con esponja en seco. Los materiales tendr\u00e1n variaciones naturales, especialmente en las suelas. Los colores pueden variar seg\u00fan los diferentes dispositivos de visualizaci\u00f3n.<\/p>\n","protected":false},"excerpt":{"rendered":"<p>Desde salidas nocturnas informales hasta caminatas por el paseo mar\u00edtimo, \u00a1estas hermosas zapatillas son una opci\u00f3n elegante para las mujeres que siempre est\u00e1n en movimiento! \u00a1Esta zapatilla presenta un color blanco para una apariencia deslumbrante! El interior cuenta con una plantilla ligeramente acolchada, mientras que la parte inferior presenta una suela de plataforma de goma [&hellip;]<\/p>\n","protected":false},"featured_media":1328,"comment_status":"open","ping_status":"closed","template":"","meta":{"site-sidebar-layout":"default","site-content-layout":"","ast-site-content-layout":"default","site-content-style":"default","site-sidebar-style":"default","ast-global-header-display":"","ast-banner-title-visibility":"","ast-main-header-display":"","ast-hfb-above-header-display":"","ast-hfb-below-header-display":"","ast-hfb-mobile-header-display":"","site-post-title":"","ast-breadcrumbs-content":"","ast-featured-img":"","footer-sml-layout":"","ast-disable-related-posts":"","theme-transparent-header-meta":"default","adv-header-id-meta":"","stick-header-meta":"","header-above-stick-meta":"","header-main-stick-meta":"","header-below-stick-meta":"","astra-migrate-meta-layouts":"set","ast-page-background-enabled":"default","ast-page-background-meta":{"desktop":{"background-color":"var(--ast-global-color-4)","background-image":"","background-repeat":"repeat","background-position":"center center","background-size":"auto","background-attachment":"scroll","background-type":"","background-media":"","overlay-type":"","overlay-color":"","overlay-opacity":"","overlay-gradient":""},"tablet":{"background-color":"","background-image":"","background-repeat":"repeat","background-position":"center center","background-size":"auto","background-attachment":"scroll","background-type":"","background-media":"","overlay-type":"","overlay-color":"","overlay-opacity":"","overlay-gradient":""},"mobile":{"background-color":"","background-image":"","background-repeat":"repeat","background-position":"center center","background-size":"auto","background-attachment":"scroll","background-type":"","background-media":"","overlay-type":"","overlay-color":"","overlay-opacity":"","overlay-gradient":""}},"ast-content-background-meta":{"desktop":{"background-color":"var(--ast-global-color-5)","background-image":"","background-repeat":"repeat","background-position":"center center","background-size":"auto","background-attachment":"scroll","background-type":"","background-media":"","overlay-type":"","overlay-color":"","overlay-opacity":"","overlay-gradient":""},"tablet":{"background-color":"var(--ast-global-color-5)","background-image":"","background-repeat":"repeat","background-position":"center center","background-size":"auto","background-attachment":"scroll","background-type":"","background-media":"","overlay-type":"","overlay-color":"","overlay-opacity":"","overlay-gradient":""},"mobile":{"background-color":"var(--ast-global-color-5)","background-image":"","background-repeat":"repeat","background-position":"center center","background-size":"auto","background-attachment":"scroll","background-type":"","background-media":"","overlay-type":"","overlay-color":"","overlay-opacity":"","overlay-gradient":""}},"_joinchat":[]},"product_brand":[],"product_cat":[28,27,21,26,20],"product_tag":[31,29,32,30],"class_list":{"0":"post-1327","1":"product","2":"type-product","3":"status-publish","4":"has-post-thumbnail","6":"product_cat-calzados","7":"product_cat-deportes-y-fitnes","8":"product_cat-hombre","9":"product_cat-moda","10":"product_cat-mujer","11":"product_tag-caballeros","12":"product_tag-calzados","13":"product_tag-damas","14":"product_tag-zapatillas","15":"desktop-align-left","16":"tablet-align-left","17":"mobile-align-left","19":"first","20":"instock","21":"shipping-taxable","22":"purchasable","23":"product-type-simple"},"yoast_head":"<!-- This site is optimized with the Yoast SEO plugin v27.6 - https:\/\/yoast.com\/product\/yoast-seo-wordpress\/ -->\n<title>Las Zapatillas Blancas Lisas - TrajeXpres<\/title>\n<meta name=\"description\" content=\"Desde salidas nocturnas informales hasta caminatas por el paseo mar\u00edtimo, \u00a1estas hermosas zapatillas son una opci\u00f3n elegante para las mujeres que siempre est\u00e1n en movimiento! \u00a1Esta zapatilla presenta un color blanco para una apariencia deslumbrante! El interior cuenta con una plantilla ligeramente acolchada, mientras que la parte inferior presenta una suela de plataforma de goma con dibujo. \u00a1Estos zapatos son una opci\u00f3n elegante y sin esfuerzo con cualquier atuendo! Fabricados con materiales sint\u00e9ticos. Se limpian con esponja en seco. Los materiales tendr\u00e1n variaciones naturales, especialmente en las suelas. Los colores pueden variar seg\u00fan los diferentes dispositivos de visualizaci\u00f3n.\" \/>\n<meta name=\"robots\" content=\"index, follow, max-snippet:-1, max-image-preview:large, max-video-preview:-1\" \/>\n<link rel=\"canonical\" href=\"https:\/\/trajexpres.com.ar\/?product=moda-damas-caballeros\" \/>\n<meta property=\"og:locale\" content=\"es_ES\" \/>\n<meta property=\"og:type\" content=\"article\" \/>\n<meta property=\"og:title\" content=\"Las Zapatillas Blancas Lisas - TrajeXpres\" \/>\n<meta property=\"og:description\" content=\"Desde salidas nocturnas informales hasta caminatas por el paseo mar\u00edtimo, \u00a1estas hermosas zapatillas son una opci\u00f3n elegante para las mujeres que siempre est\u00e1n en movimiento! \u00a1Esta zapatilla presenta un color blanco para una apariencia deslumbrante! El interior cuenta con una plantilla ligeramente acolchada, mientras que la parte inferior presenta una suela de plataforma de goma con dibujo. \u00a1Estos zapatos son una opci\u00f3n elegante y sin esfuerzo con cualquier atuendo! Fabricados con materiales sint\u00e9ticos. Se limpian con esponja en seco. Los materiales tendr\u00e1n variaciones naturales, especialmente en las suelas. Los colores pueden variar seg\u00fan los diferentes dispositivos de visualizaci\u00f3n.\" \/>\n<meta property=\"og:url\" content=\"https:\/\/trajexpres.com.ar\/?product=moda-damas-caballeros\" \/>\n<meta property=\"og:site_name\" content=\"TrajeXpres\" \/>\n<meta property=\"article:modified_time\" content=\"2025-12-10T14:18:50+00:00\" \/>\n<meta property=\"og:image\" content=\"http:\/\/trajexpres.com.ar\/wp-content\/uploads\/2024\/07\/Zapatillas-Blancas-e1721402722745.jpeg\" \/>\n\t<meta property=\"og:image:width\" content=\"650\" \/>\n\t<meta property=\"og:image:height\" content=\"893\" \/>\n\t<meta property=\"og:image:type\" content=\"image\/jpeg\" \/>\n<meta name=\"twitter:card\" content=\"summary_large_image\" \/>\n<meta name=\"twitter:label1\" content=\"Tiempo de lectura\" \/>\n\t<meta name=\"twitter:data1\" content=\"1 minuto\" \/>\n<script type=\"application\/ld+json\" class=\"yoast-schema-graph\">{\"@context\":\"https:\\\/\\\/schema.org\",\"@graph\":[{\"@type\":\"WebPage\",\"@id\":\"https:\\\/\\\/trajexpres.com.ar\\\/?product=moda-damas-caballeros\",\"url\":\"https:\\\/\\\/trajexpres.com.ar\\\/?product=moda-damas-caballeros\",\"name\":\"Las Zapatillas Blancas Lisas - TrajeXpres\",\"isPartOf\":{\"@id\":\"https:\\\/\\\/trajexpres.com.ar\\\/#website\"},\"primaryImageOfPage\":{\"@id\":\"https:\\\/\\\/trajexpres.com.ar\\\/?product=moda-damas-caballeros#primaryimage\"},\"image\":{\"@id\":\"https:\\\/\\\/trajexpres.com.ar\\\/?product=moda-damas-caballeros#primaryimage\"},\"thumbnailUrl\":\"https:\\\/\\\/trajexpres.com.ar\\\/wp-content\\\/uploads\\\/2024\\\/07\\\/Zapatillas-Blancas-e1721402722745.jpeg\",\"datePublished\":\"2024-07-19T15:31:28+00:00\",\"dateModified\":\"2025-12-10T14:18:50+00:00\",\"description\":\"Desde salidas nocturnas informales hasta caminatas por el paseo mar\u00edtimo, \u00a1estas hermosas zapatillas son una opci\u00f3n elegante para las mujeres que siempre est\u00e1n en movimiento! \u00a1Esta zapatilla presenta un color blanco para una apariencia deslumbrante! El interior cuenta con una plantilla ligeramente acolchada, mientras que la parte inferior presenta una suela de plataforma de goma con dibujo. \u00a1Estos zapatos son una opci\u00f3n elegante y sin esfuerzo con cualquier atuendo! Fabricados con materiales sint\u00e9ticos. Se limpian con esponja en seco. Los materiales tendr\u00e1n variaciones naturales, especialmente en las suelas. Los colores pueden variar seg\u00fan los diferentes dispositivos de visualizaci\u00f3n.\",\"breadcrumb\":{\"@id\":\"https:\\\/\\\/trajexpres.com.ar\\\/?product=moda-damas-caballeros#breadcrumb\"},\"inLanguage\":\"es-AR\",\"potentialAction\":[{\"@type\":\"ReadAction\",\"target\":[\"https:\\\/\\\/trajexpres.com.ar\\\/?product=moda-damas-caballeros\"]}]},{\"@type\":\"ImageObject\",\"inLanguage\":\"es-AR\",\"@id\":\"https:\\\/\\\/trajexpres.com.ar\\\/?product=moda-damas-caballeros#primaryimage\",\"url\":\"https:\\\/\\\/trajexpres.com.ar\\\/wp-content\\\/uploads\\\/2024\\\/07\\\/Zapatillas-Blancas-e1721402722745.jpeg\",\"contentUrl\":\"https:\\\/\\\/trajexpres.com.ar\\\/wp-content\\\/uploads\\\/2024\\\/07\\\/Zapatillas-Blancas-e1721402722745.jpeg\",\"width\":650,\"height\":893},{\"@type\":\"BreadcrumbList\",\"@id\":\"https:\\\/\\\/trajexpres.com.ar\\\/?product=moda-damas-caballeros#breadcrumb\",\"itemListElement\":[{\"@type\":\"ListItem\",\"position\":1,\"name\":\"Inicio\",\"item\":\"https:\\\/\\\/trajexpres.com.ar\\\/\"},{\"@type\":\"ListItem\",\"position\":2,\"name\":\"Tienda\",\"item\":\"https:\\\/\\\/trajexpres.com.ar\\\/?page_id=5\"},{\"@type\":\"ListItem\",\"position\":3,\"name\":\"Las Zapatillas Blancas Lisas\"}]},{\"@type\":\"WebSite\",\"@id\":\"https:\\\/\\\/trajexpres.com.ar\\\/#website\",\"url\":\"https:\\\/\\\/trajexpres.com.ar\\\/\",\"name\":\"TrajeXpres\",\"description\":\"Venta y Alquiler de Trajes\",\"publisher\":{\"@id\":\"https:\\\/\\\/trajexpres.com.ar\\\/#organization\"},\"potentialAction\":[{\"@type\":\"SearchAction\",\"target\":{\"@type\":\"EntryPoint\",\"urlTemplate\":\"https:\\\/\\\/trajexpres.com.ar\\\/?s={search_term_string}\"},\"query-input\":{\"@type\":\"PropertyValueSpecification\",\"valueRequired\":true,\"valueName\":\"search_term_string\"}}],\"inLanguage\":\"es-AR\"},{\"@type\":\"Organization\",\"@id\":\"https:\\\/\\\/trajexpres.com.ar\\\/#organization\",\"name\":\"TrajeXpres\",\"url\":\"https:\\\/\\\/trajexpres.com.ar\\\/\",\"logo\":{\"@type\":\"ImageObject\",\"inLanguage\":\"es-AR\",\"@id\":\"https:\\\/\\\/trajexpres.com.ar\\\/#\\\/schema\\\/logo\\\/image\\\/\",\"url\":\"https:\\\/\\\/trajexpres.com.ar\\\/wp-content\\\/uploads\\\/2023\\\/03\\\/cropped-cropped-logo-trajes-1.png\",\"contentUrl\":\"https:\\\/\\\/trajexpres.com.ar\\\/wp-content\\\/uploads\\\/2023\\\/03\\\/cropped-cropped-logo-trajes-1.png\",\"width\":981,\"height\":974,\"caption\":\"TrajeXpres\"},\"image\":{\"@id\":\"https:\\\/\\\/trajexpres.com.ar\\\/#\\\/schema\\\/logo\\\/image\\\/\"}}]}<\/script>\n<!-- \/ Yoast SEO plugin. -->","yoast_head_json":{"title":"Las Zapatillas Blancas Lisas - TrajeXpres","description":"Desde salidas nocturnas informales hasta caminatas por el paseo mar\u00edtimo, \u00a1estas hermosas zapatillas son una opci\u00f3n elegante para las mujeres que siempre est\u00e1n en movimiento! \u00a1Esta zapatilla presenta un color blanco para una apariencia deslumbrante! El interior cuenta con una plantilla ligeramente acolchada, mientras que la parte inferior presenta una suela de plataforma de goma con dibujo. \u00a1Estos zapatos son una opci\u00f3n elegante y sin esfuerzo con cualquier atuendo! Fabricados con materiales sint\u00e9ticos. Se limpian con esponja en seco. Los materiales tendr\u00e1n variaciones naturales, especialmente en las suelas. Los colores pueden variar seg\u00fan los diferentes dispositivos de visualizaci\u00f3n.","robots":{"index":"index","follow":"follow","max-snippet":"max-snippet:-1","max-image-preview":"max-image-preview:large","max-video-preview":"max-video-preview:-1"},"canonical":"https:\/\/trajexpres.com.ar\/?product=moda-damas-caballeros","og_locale":"es_ES","og_type":"article","og_title":"Las Zapatillas Blancas Lisas - TrajeXpres","og_description":"Desde salidas nocturnas informales hasta caminatas por el paseo mar\u00edtimo, \u00a1estas hermosas zapatillas son una opci\u00f3n elegante para las mujeres que siempre est\u00e1n en movimiento! \u00a1Esta zapatilla presenta un color blanco para una apariencia deslumbrante! El interior cuenta con una plantilla ligeramente acolchada, mientras que la parte inferior presenta una suela de plataforma de goma con dibujo. \u00a1Estos zapatos son una opci\u00f3n elegante y sin esfuerzo con cualquier atuendo! Fabricados con materiales sint\u00e9ticos. Se limpian con esponja en seco. Los materiales tendr\u00e1n variaciones naturales, especialmente en las suelas. Los colores pueden variar seg\u00fan los diferentes dispositivos de visualizaci\u00f3n.","og_url":"https:\/\/trajexpres.com.ar\/?product=moda-damas-caballeros","og_site_name":"TrajeXpres","article_modified_time":"2025-12-10T14:18:50+00:00","og_image":[{"width":650,"height":893,"url":"http:\/\/trajexpres.com.ar\/wp-content\/uploads\/2024\/07\/Zapatillas-Blancas-e1721402722745.jpeg","type":"image\/jpeg"}],"twitter_card":"summary_large_image","twitter_misc":{"Tiempo de lectura":"1 minuto"},"schema":{"@context":"https:\/\/schema.org","@graph":[{"@type":"WebPage","@id":"https:\/\/trajexpres.com.ar\/?product=moda-damas-caballeros","url":"https:\/\/trajexpres.com.ar\/?product=moda-damas-caballeros","name":"Las Zapatillas Blancas Lisas - TrajeXpres","isPartOf":{"@id":"https:\/\/trajexpres.com.ar\/#website"},"primaryImageOfPage":{"@id":"https:\/\/trajexpres.com.ar\/?product=moda-damas-caballeros#primaryimage"},"image":{"@id":"https:\/\/trajexpres.com.ar\/?product=moda-damas-caballeros#primaryimage"},"thumbnailUrl":"https:\/\/trajexpres.com.ar\/wp-content\/uploads\/2024\/07\/Zapatillas-Blancas-e1721402722745.jpeg","datePublished":"2024-07-19T15:31:28+00:00","dateModified":"2025-12-10T14:18:50+00:00","description":"Desde salidas nocturnas informales hasta caminatas por el paseo mar\u00edtimo, \u00a1estas hermosas zapatillas son una opci\u00f3n elegante para las mujeres que siempre est\u00e1n en movimiento! \u00a1Esta zapatilla presenta un color blanco para una apariencia deslumbrante! El interior cuenta con una plantilla ligeramente acolchada, mientras que la parte inferior presenta una suela de plataforma de goma con dibujo. \u00a1Estos zapatos son una opci\u00f3n elegante y sin esfuerzo con cualquier atuendo! Fabricados con materiales sint\u00e9ticos. Se limpian con esponja en seco. Los materiales tendr\u00e1n variaciones naturales, especialmente en las suelas. Los colores pueden variar seg\u00fan los diferentes dispositivos de visualizaci\u00f3n.","breadcrumb":{"@id":"https:\/\/trajexpres.com.ar\/?product=moda-damas-caballeros#breadcrumb"},"inLanguage":"es-AR","potentialAction":[{"@type":"ReadAction","target":["https:\/\/trajexpres.com.ar\/?product=moda-damas-caballeros"]}]},{"@type":"ImageObject","inLanguage":"es-AR","@id":"https:\/\/trajexpres.com.ar\/?product=moda-damas-caballeros#primaryimage","url":"https:\/\/trajexpres.com.ar\/wp-content\/uploads\/2024\/07\/Zapatillas-Blancas-e1721402722745.jpeg","contentUrl":"https:\/\/trajexpres.com.ar\/wp-content\/uploads\/2024\/07\/Zapatillas-Blancas-e1721402722745.jpeg","width":650,"height":893},{"@type":"BreadcrumbList","@id":"https:\/\/trajexpres.com.ar\/?product=moda-damas-caballeros#breadcrumb","itemListElement":[{"@type":"ListItem","position":1,"name":"Inicio","item":"https:\/\/trajexpres.com.ar\/"},{"@type":"ListItem","position":2,"name":"Tienda","item":"https:\/\/trajexpres.com.ar\/?page_id=5"},{"@type":"ListItem","position":3,"name":"Las Zapatillas Blancas Lisas"}]},{"@type":"WebSite","@id":"https:\/\/trajexpres.com.ar\/#website","url":"https:\/\/trajexpres.com.ar\/","name":"TrajeXpres","description":"Venta y Alquiler de Trajes","publisher":{"@id":"https:\/\/trajexpres.com.ar\/#organization"},"potentialAction":[{"@type":"SearchAction","target":{"@type":"EntryPoint","urlTemplate":"https:\/\/trajexpres.com.ar\/?s={search_term_string}"},"query-input":{"@type":"PropertyValueSpecification","valueRequired":true,"valueName":"search_term_string"}}],"inLanguage":"es-AR"},{"@type":"Organization","@id":"https:\/\/trajexpres.com.ar\/#organization","name":"TrajeXpres","url":"https:\/\/trajexpres.com.ar\/","logo":{"@type":"ImageObject","inLanguage":"es-AR","@id":"https:\/\/trajexpres.com.ar\/#\/schema\/logo\/image\/","url":"https:\/\/trajexpres.com.ar\/wp-content\/uploads\/2023\/03\/cropped-cropped-logo-trajes-1.png","contentUrl":"https:\/\/trajexpres.com.ar\/wp-content\/uploads\/2023\/03\/cropped-cropped-logo-trajes-1.png","width":981,"height":974,"caption":"TrajeXpres"},"image":{"@id":"https:\/\/trajexpres.com.ar\/#\/schema\/logo\/image\/"}}]}},"_links":{"self":[{"href":"https:\/\/trajexpres.com.ar\/index.php?rest_route=\/wp\/v2\/product\/1327","targetHints":{"allow":["GET"]}}],"collection":[{"href":"https:\/\/trajexpres.com.ar\/index.php?rest_route=\/wp\/v2\/product"}],"about":[{"href":"https:\/\/trajexpres.com.ar\/index.php?rest_route=\/wp\/v2\/types\/product"}],"replies":[{"embeddable":true,"href":"https:\/\/trajexpres.com.ar\/index.php?rest_route=%2Fwp%2Fv2%2Fcomments&post=1327"}],"wp:featuredmedia":[{"embeddable":true,"href":"https:\/\/trajexpres.com.ar\/index.php?rest_route=\/wp\/v2\/media\/1328"}],"wp:attachment":[{"href":"https:\/\/trajexpres.com.ar\/index.php?rest_route=%2Fwp%2Fv2%2Fmedia&parent=1327"}],"wp:term":[{"taxonomy":"product_brand","embeddable":true,"href":"https:\/\/trajexpres.com.ar\/index.php?rest_route=%2Fwp%2Fv2%2Fproduct_brand&post=1327"},{"taxonomy":"product_cat","embeddable":true,"href":"https:\/\/trajexpres.com.ar\/index.php?rest_route=%2Fwp%2Fv2%2Fproduct_cat&post=1327"},{"taxonomy":"product_tag","embeddable":true,"href":"https:\/\/trajexpres.com.ar\/index.php?rest_route=%2Fwp%2Fv2%2Fproduct_tag&post=1327"}],"curies":[{"name":"wp","href":"https:\/\/api.w.org\/{rel}","templated":true}]}}