{"id":1329,"date":"2024-07-19T12:47:10","date_gmt":"2024-07-19T15:47:10","guid":{"rendered":"https:\/\/trajexpres.com.ar\/?post_type=product&#038;p=1329"},"modified":"2025-12-10T11:18:50","modified_gmt":"2025-12-10T14:18:50","slug":"mochila-y-equipajes-moda-mujer-damas","status":"publish","type":"product","link":"https:\/\/trajexpres.com.ar\/?product=mochila-y-equipajes-moda-mujer-damas","title":{"rendered":"Mochilas Cl\u00e1sicas"},"content":{"rendered":"<h3 class=\"lH1 dyH iFc H2s GTB X8m zDA IZT\"><span>Mochila cl\u00e1sica de gran capacidad, resistente al agua y liviana con parche de letras para graduados, adolescentes, estudiantes de primer a\u00f1o, estudiantes de segundo a\u00f1o, j\u00f3venes y mayores en la universidad, la universidad y la escuela secundaria, perfecta para actividades al aire libre, viajes y regreso a la escuela<\/span><\/h3>\n","protected":false},"excerpt":{"rendered":"<p>Mochila cl\u00e1sica de gran capacidad, resistente al agua y liviana con parche de letras para graduados, adolescentes, estudiantes de primer a\u00f1o, estudiantes de segundo a\u00f1o, j\u00f3venes y mayores en la universidad, la universidad y la escuela secundaria, perfecta para actividades al aire libre, viajes y regreso a la escuela<\/p>\n","protected":false},"featured_media":1330,"comment_status":"open","ping_status":"closed","template":"","meta":{"site-sidebar-layout":"default","site-content-layout":"","ast-site-content-layout":"default","site-content-style":"default","site-sidebar-style":"default","ast-global-header-display":"","ast-banner-title-visibility":"","ast-main-header-display":"","ast-hfb-above-header-display":"","ast-hfb-below-header-display":"","ast-hfb-mobile-header-display":"","site-post-title":"","ast-breadcrumbs-content":"","ast-featured-img":"","footer-sml-layout":"","ast-disable-related-posts":"","theme-transparent-header-meta":"default","adv-header-id-meta":"","stick-header-meta":"","header-above-stick-meta":"","header-main-stick-meta":"","header-below-stick-meta":"","astra-migrate-meta-layouts":"set","ast-page-background-enabled":"default","ast-page-background-meta":{"desktop":{"background-color":"var(--ast-global-color-4)","background-image":"","background-repeat":"repeat","background-position":"center center","background-size":"auto","background-attachment":"scroll","background-type":"","background-media":"","overlay-type":"","overlay-color":"","overlay-opacity":"","overlay-gradient":""},"tablet":{"background-color":"","background-image":"","background-repeat":"repeat","background-position":"center center","background-size":"auto","background-attachment":"scroll","background-type":"","background-media":"","overlay-type":"","overlay-color":"","overlay-opacity":"","overlay-gradient":""},"mobile":{"background-color":"","background-image":"","background-repeat":"repeat","background-position":"center center","background-size":"auto","background-attachment":"scroll","background-type":"","background-media":"","overlay-type":"","overlay-color":"","overlay-opacity":"","overlay-gradient":""}},"ast-content-background-meta":{"desktop":{"background-color":"var(--ast-global-color-5)","background-image":"","background-repeat":"repeat","background-position":"center center","background-size":"auto","background-attachment":"scroll","background-type":"","background-media":"","overlay-type":"","overlay-color":"","overlay-opacity":"","overlay-gradient":""},"tablet":{"background-color":"var(--ast-global-color-5)","background-image":"","background-repeat":"repeat","background-position":"center center","background-size":"auto","background-attachment":"scroll","background-type":"","background-media":"","overlay-type":"","overlay-color":"","overlay-opacity":"","overlay-gradient":""},"mobile":{"background-color":"var(--ast-global-color-5)","background-image":"","background-repeat":"repeat","background-position":"center center","background-size":"auto","background-attachment":"scroll","background-type":"","background-media":"","overlay-type":"","overlay-color":"","overlay-opacity":"","overlay-gradient":""}},"_joinchat":[]},"product_brand":[],"product_cat":[34,33,26,20],"product_tag":[32,37,35,36],"class_list":{"0":"post-1329","1":"product","2":"type-product","3":"status-publish","4":"has-post-thumbnail","6":"product_cat-damas","7":"product_cat-mochila-y-equipajes","8":"product_cat-moda","9":"product_cat-mujer","10":"product_tag-damas","11":"product_tag-mochilas-y-equipajes","12":"product_tag-moda","13":"product_tag-mujer","14":"desktop-align-left","15":"tablet-align-left","16":"mobile-align-left","18":"first","19":"instock","20":"shipping-taxable","21":"purchasable","22":"product-type-simple"},"yoast_head":"<!-- This site is optimized with the Yoast SEO plugin v27.6 - https:\/\/yoast.com\/product\/yoast-seo-wordpress\/ -->\n<title>Mochilas Cl\u00e1sicas - TrajeXpres<\/title>\n<meta name=\"description\" content=\"Mochila cl\u00e1sica de gran capacidad, resistente al agua y liviana con parche de letras para graduados, adolescentes, estudiantes de primer a\u00f1o, estudiantes de segundo a\u00f1o, j\u00f3venes y mayores en la universidad, la universidad y la escuela secundaria, perfecta para actividades al aire libre, viajes y regreso a la escuela\" \/>\n<meta name=\"robots\" content=\"index, follow, max-snippet:-1, max-image-preview:large, max-video-preview:-1\" \/>\n<link rel=\"canonical\" href=\"https:\/\/trajexpres.com.ar\/?product=mochila-y-equipajes-moda-mujer-damas\" \/>\n<meta property=\"og:locale\" content=\"es_ES\" \/>\n<meta property=\"og:type\" content=\"article\" \/>\n<meta property=\"og:title\" content=\"Mochilas Cl\u00e1sicas - TrajeXpres\" \/>\n<meta property=\"og:description\" content=\"Mochila cl\u00e1sica de gran capacidad, resistente al agua y liviana con parche de letras para graduados, adolescentes, estudiantes de primer a\u00f1o, estudiantes de segundo a\u00f1o, j\u00f3venes y mayores en la universidad, la universidad y la escuela secundaria, perfecta para actividades al aire libre, viajes y regreso a la escuela\" \/>\n<meta property=\"og:url\" content=\"https:\/\/trajexpres.com.ar\/?product=mochila-y-equipajes-moda-mujer-damas\" \/>\n<meta property=\"og:site_name\" content=\"TrajeXpres\" \/>\n<meta property=\"article:modified_time\" content=\"2025-12-10T14:18:50+00:00\" \/>\n<meta property=\"og:image\" content=\"http:\/\/trajexpres.com.ar\/wp-content\/uploads\/2024\/07\/Mochila-e1721403631835.jpeg\" \/>\n\t<meta property=\"og:image:width\" content=\"1098\" \/>\n\t<meta property=\"og:image:height\" content=\"1328\" \/>\n\t<meta property=\"og:image:type\" content=\"image\/jpeg\" \/>\n<meta name=\"twitter:card\" content=\"summary_large_image\" \/>\n<meta name=\"twitter:label1\" content=\"Tiempo de lectura\" \/>\n\t<meta name=\"twitter:data1\" content=\"1 minuto\" \/>\n<script type=\"application\/ld+json\" class=\"yoast-schema-graph\">{\"@context\":\"https:\\\/\\\/schema.org\",\"@graph\":[{\"@type\":\"WebPage\",\"@id\":\"https:\\\/\\\/trajexpres.com.ar\\\/?product=mochila-y-equipajes-moda-mujer-damas\",\"url\":\"https:\\\/\\\/trajexpres.com.ar\\\/?product=mochila-y-equipajes-moda-mujer-damas\",\"name\":\"Mochilas Cl\u00e1sicas - TrajeXpres\",\"isPartOf\":{\"@id\":\"https:\\\/\\\/trajexpres.com.ar\\\/#website\"},\"primaryImageOfPage\":{\"@id\":\"https:\\\/\\\/trajexpres.com.ar\\\/?product=mochila-y-equipajes-moda-mujer-damas#primaryimage\"},\"image\":{\"@id\":\"https:\\\/\\\/trajexpres.com.ar\\\/?product=mochila-y-equipajes-moda-mujer-damas#primaryimage\"},\"thumbnailUrl\":\"https:\\\/\\\/trajexpres.com.ar\\\/wp-content\\\/uploads\\\/2024\\\/07\\\/Mochila-e1721403631835.jpeg\",\"datePublished\":\"2024-07-19T15:47:10+00:00\",\"dateModified\":\"2025-12-10T14:18:50+00:00\",\"description\":\"Mochila cl\u00e1sica de gran capacidad, resistente al agua y liviana con parche de letras para graduados, adolescentes, estudiantes de primer a\u00f1o, estudiantes de segundo a\u00f1o, j\u00f3venes y mayores en la universidad, la universidad y la escuela secundaria, perfecta para actividades al aire libre, viajes y regreso a la escuela\",\"breadcrumb\":{\"@id\":\"https:\\\/\\\/trajexpres.com.ar\\\/?product=mochila-y-equipajes-moda-mujer-damas#breadcrumb\"},\"inLanguage\":\"es-AR\",\"potentialAction\":[{\"@type\":\"ReadAction\",\"target\":[\"https:\\\/\\\/trajexpres.com.ar\\\/?product=mochila-y-equipajes-moda-mujer-damas\"]}]},{\"@type\":\"ImageObject\",\"inLanguage\":\"es-AR\",\"@id\":\"https:\\\/\\\/trajexpres.com.ar\\\/?product=mochila-y-equipajes-moda-mujer-damas#primaryimage\",\"url\":\"https:\\\/\\\/trajexpres.com.ar\\\/wp-content\\\/uploads\\\/2024\\\/07\\\/Mochila-e1721403631835.jpeg\",\"contentUrl\":\"https:\\\/\\\/trajexpres.com.ar\\\/wp-content\\\/uploads\\\/2024\\\/07\\\/Mochila-e1721403631835.jpeg\",\"width\":1098,\"height\":1328},{\"@type\":\"BreadcrumbList\",\"@id\":\"https:\\\/\\\/trajexpres.com.ar\\\/?product=mochila-y-equipajes-moda-mujer-damas#breadcrumb\",\"itemListElement\":[{\"@type\":\"ListItem\",\"position\":1,\"name\":\"Inicio\",\"item\":\"https:\\\/\\\/trajexpres.com.ar\\\/\"},{\"@type\":\"ListItem\",\"position\":2,\"name\":\"Tienda\",\"item\":\"https:\\\/\\\/trajexpres.com.ar\\\/?page_id=5\"},{\"@type\":\"ListItem\",\"position\":3,\"name\":\"Mochilas Cl\u00e1sicas\"}]},{\"@type\":\"WebSite\",\"@id\":\"https:\\\/\\\/trajexpres.com.ar\\\/#website\",\"url\":\"https:\\\/\\\/trajexpres.com.ar\\\/\",\"name\":\"TrajeXpres\",\"description\":\"Venta y Alquiler de Trajes\",\"publisher\":{\"@id\":\"https:\\\/\\\/trajexpres.com.ar\\\/#organization\"},\"potentialAction\":[{\"@type\":\"SearchAction\",\"target\":{\"@type\":\"EntryPoint\",\"urlTemplate\":\"https:\\\/\\\/trajexpres.com.ar\\\/?s={search_term_string}\"},\"query-input\":{\"@type\":\"PropertyValueSpecification\",\"valueRequired\":true,\"valueName\":\"search_term_string\"}}],\"inLanguage\":\"es-AR\"},{\"@type\":\"Organization\",\"@id\":\"https:\\\/\\\/trajexpres.com.ar\\\/#organization\",\"name\":\"TrajeXpres\",\"url\":\"https:\\\/\\\/trajexpres.com.ar\\\/\",\"logo\":{\"@type\":\"ImageObject\",\"inLanguage\":\"es-AR\",\"@id\":\"https:\\\/\\\/trajexpres.com.ar\\\/#\\\/schema\\\/logo\\\/image\\\/\",\"url\":\"https:\\\/\\\/trajexpres.com.ar\\\/wp-content\\\/uploads\\\/2023\\\/03\\\/cropped-cropped-logo-trajes-1.png\",\"contentUrl\":\"https:\\\/\\\/trajexpres.com.ar\\\/wp-content\\\/uploads\\\/2023\\\/03\\\/cropped-cropped-logo-trajes-1.png\",\"width\":981,\"height\":974,\"caption\":\"TrajeXpres\"},\"image\":{\"@id\":\"https:\\\/\\\/trajexpres.com.ar\\\/#\\\/schema\\\/logo\\\/image\\\/\"}}]}<\/script>\n<!-- \/ Yoast SEO plugin. -->","yoast_head_json":{"title":"Mochilas Cl\u00e1sicas - TrajeXpres","description":"Mochila cl\u00e1sica de gran capacidad, resistente al agua y liviana con parche de letras para graduados, adolescentes, estudiantes de primer a\u00f1o, estudiantes de segundo a\u00f1o, j\u00f3venes y mayores en la universidad, la universidad y la escuela secundaria, perfecta para actividades al aire libre, viajes y regreso a la escuela","robots":{"index":"index","follow":"follow","max-snippet":"max-snippet:-1","max-image-preview":"max-image-preview:large","max-video-preview":"max-video-preview:-1"},"canonical":"https:\/\/trajexpres.com.ar\/?product=mochila-y-equipajes-moda-mujer-damas","og_locale":"es_ES","og_type":"article","og_title":"Mochilas Cl\u00e1sicas - TrajeXpres","og_description":"Mochila cl\u00e1sica de gran capacidad, resistente al agua y liviana con parche de letras para graduados, adolescentes, estudiantes de primer a\u00f1o, estudiantes de segundo a\u00f1o, j\u00f3venes y mayores en la universidad, la universidad y la escuela secundaria, perfecta para actividades al aire libre, viajes y regreso a la escuela","og_url":"https:\/\/trajexpres.com.ar\/?product=mochila-y-equipajes-moda-mujer-damas","og_site_name":"TrajeXpres","article_modified_time":"2025-12-10T14:18:50+00:00","og_image":[{"width":1098,"height":1328,"url":"http:\/\/trajexpres.com.ar\/wp-content\/uploads\/2024\/07\/Mochila-e1721403631835.jpeg","type":"image\/jpeg"}],"twitter_card":"summary_large_image","twitter_misc":{"Tiempo de lectura":"1 minuto"},"schema":{"@context":"https:\/\/schema.org","@graph":[{"@type":"WebPage","@id":"https:\/\/trajexpres.com.ar\/?product=mochila-y-equipajes-moda-mujer-damas","url":"https:\/\/trajexpres.com.ar\/?product=mochila-y-equipajes-moda-mujer-damas","name":"Mochilas Cl\u00e1sicas - TrajeXpres","isPartOf":{"@id":"https:\/\/trajexpres.com.ar\/#website"},"primaryImageOfPage":{"@id":"https:\/\/trajexpres.com.ar\/?product=mochila-y-equipajes-moda-mujer-damas#primaryimage"},"image":{"@id":"https:\/\/trajexpres.com.ar\/?product=mochila-y-equipajes-moda-mujer-damas#primaryimage"},"thumbnailUrl":"https:\/\/trajexpres.com.ar\/wp-content\/uploads\/2024\/07\/Mochila-e1721403631835.jpeg","datePublished":"2024-07-19T15:47:10+00:00","dateModified":"2025-12-10T14:18:50+00:00","description":"Mochila cl\u00e1sica de gran capacidad, resistente al agua y liviana con parche de letras para graduados, adolescentes, estudiantes de primer a\u00f1o, estudiantes de segundo a\u00f1o, j\u00f3venes y mayores en la universidad, la universidad y la escuela secundaria, perfecta para actividades al aire libre, viajes y regreso a la escuela","breadcrumb":{"@id":"https:\/\/trajexpres.com.ar\/?product=mochila-y-equipajes-moda-mujer-damas#breadcrumb"},"inLanguage":"es-AR","potentialAction":[{"@type":"ReadAction","target":["https:\/\/trajexpres.com.ar\/?product=mochila-y-equipajes-moda-mujer-damas"]}]},{"@type":"ImageObject","inLanguage":"es-AR","@id":"https:\/\/trajexpres.com.ar\/?product=mochila-y-equipajes-moda-mujer-damas#primaryimage","url":"https:\/\/trajexpres.com.ar\/wp-content\/uploads\/2024\/07\/Mochila-e1721403631835.jpeg","contentUrl":"https:\/\/trajexpres.com.ar\/wp-content\/uploads\/2024\/07\/Mochila-e1721403631835.jpeg","width":1098,"height":1328},{"@type":"BreadcrumbList","@id":"https:\/\/trajexpres.com.ar\/?product=mochila-y-equipajes-moda-mujer-damas#breadcrumb","itemListElement":[{"@type":"ListItem","position":1,"name":"Inicio","item":"https:\/\/trajexpres.com.ar\/"},{"@type":"ListItem","position":2,"name":"Tienda","item":"https:\/\/trajexpres.com.ar\/?page_id=5"},{"@type":"ListItem","position":3,"name":"Mochilas Cl\u00e1sicas"}]},{"@type":"WebSite","@id":"https:\/\/trajexpres.com.ar\/#website","url":"https:\/\/trajexpres.com.ar\/","name":"TrajeXpres","description":"Venta y Alquiler de Trajes","publisher":{"@id":"https:\/\/trajexpres.com.ar\/#organization"},"potentialAction":[{"@type":"SearchAction","target":{"@type":"EntryPoint","urlTemplate":"https:\/\/trajexpres.com.ar\/?s={search_term_string}"},"query-input":{"@type":"PropertyValueSpecification","valueRequired":true,"valueName":"search_term_string"}}],"inLanguage":"es-AR"},{"@type":"Organization","@id":"https:\/\/trajexpres.com.ar\/#organization","name":"TrajeXpres","url":"https:\/\/trajexpres.com.ar\/","logo":{"@type":"ImageObject","inLanguage":"es-AR","@id":"https:\/\/trajexpres.com.ar\/#\/schema\/logo\/image\/","url":"https:\/\/trajexpres.com.ar\/wp-content\/uploads\/2023\/03\/cropped-cropped-logo-trajes-1.png","contentUrl":"https:\/\/trajexpres.com.ar\/wp-content\/uploads\/2023\/03\/cropped-cropped-logo-trajes-1.png","width":981,"height":974,"caption":"TrajeXpres"},"image":{"@id":"https:\/\/trajexpres.com.ar\/#\/schema\/logo\/image\/"}}]}},"_links":{"self":[{"href":"https:\/\/trajexpres.com.ar\/index.php?rest_route=\/wp\/v2\/product\/1329","targetHints":{"allow":["GET"]}}],"collection":[{"href":"https:\/\/trajexpres.com.ar\/index.php?rest_route=\/wp\/v2\/product"}],"about":[{"href":"https:\/\/trajexpres.com.ar\/index.php?rest_route=\/wp\/v2\/types\/product"}],"replies":[{"embeddable":true,"href":"https:\/\/trajexpres.com.ar\/index.php?rest_route=%2Fwp%2Fv2%2Fcomments&post=1329"}],"wp:featuredmedia":[{"embeddable":true,"href":"https:\/\/trajexpres.com.ar\/index.php?rest_route=\/wp\/v2\/media\/1330"}],"wp:attachment":[{"href":"https:\/\/trajexpres.com.ar\/index.php?rest_route=%2Fwp%2Fv2%2Fmedia&parent=1329"}],"wp:term":[{"taxonomy":"product_brand","embeddable":true,"href":"https:\/\/trajexpres.com.ar\/index.php?rest_route=%2Fwp%2Fv2%2Fproduct_brand&post=1329"},{"taxonomy":"product_cat","embeddable":true,"href":"https:\/\/trajexpres.com.ar\/index.php?rest_route=%2Fwp%2Fv2%2Fproduct_cat&post=1329"},{"taxonomy":"product_tag","embeddable":true,"href":"https:\/\/trajexpres.com.ar\/index.php?rest_route=%2Fwp%2Fv2%2Fproduct_tag&post=1329"}],"curies":[{"name":"wp","href":"https:\/\/api.w.org\/{rel}","templated":true}]}}